{"id":8,"date":"2026-02-16T21:02:31","date_gmt":"2026-02-16T21:02:31","guid":{"rendered":"https:\/\/turc.online\/?page_id=8"},"modified":"2026-02-17T11:20:47","modified_gmt":"2026-02-17T11:20:47","slug":"accueil","status":"publish","type":"page","link":"https:\/\/turc.online\/","title":{"rendered":"Cours de turc en ligne"},"content":{"rendered":"\n<p><\/p>\n\n\n\n<p><\/p>\n\n\n\n<h2 class=\"wp-block-heading\">Vous souhaitez apprendre le turc de mani\u00e8re claire, structur\u00e9e et efficace ?<\/h2>\n\n\n\n<p>Des cours de turc en ligne sont propos\u00e9s pour tous les niveaux, du d\u00e9butant \u00e0 l\u2019avanc\u00e9.<\/p>\n\n\n\n<p>L\u2019apprentissage est adapt\u00e9 aux objectifs de chacun :<\/p>\n\n\n\n<ul class=\"wp-block-list\">\n<li>Conversation en turc<\/li>\n\n\n\n<li>Pr\u00e9paration aux examens<\/li>\n\n\n\n<li>D\u00e9veloppement de la compr\u00e9hension \u00e9crite et orale<\/li>\n\n\n\n<li>Perfectionnement grammatical<\/li>\n<\/ul>\n\n\n\n<p>Les cours se d\u00e9roulent en ligne, dans un cadre s\u00e9rieux, bienveillant et structur\u00e9.<\/p>\n\n\n\n<p>Pour toute information compl\u00e9mentaire :<br><a>contact@turc.online<\/a><\/p>\n\n\n\n<p><\/p>\n\n\n\n<div class=\"wp-block-buttons is-layout-flex wp-block-buttons-is-layout-flex\">\n<div class=\"wp-block-button\"><a class=\"wp-block-button__link wp-element-button\" href=\"mailto:contact@turc.online\">Pour plus d&rsquo;informations<\/a><\/div>\n<\/div>\n","protected":false},"excerpt":{"rendered":"<p>Vous souhaitez apprendre le turc de mani\u00e8re claire, structur\u00e9e et efficace ? Des cours de turc en ligne sont propos\u00e9s pour tous les niveaux, du d\u00e9butant \u00e0 l\u2019avanc\u00e9. L\u2019apprentissage est adapt\u00e9 aux objectifs de chacun : Les cours se d\u00e9roulent en ligne, dans un cadre s\u00e9rieux, bienveillant et structur\u00e9. Pour toute information compl\u00e9mentaire :contact@turc.online<\/p>\n","protected":false},"author":1,"featured_media":0,"parent":0,"menu_order":0,"comment_status":"closed","ping_status":"closed","template":"","meta":{"footnotes":""},"class_list":["post-8","page","type-page","status-publish","hentry"],"_links":{"self":[{"href":"https:\/\/turc.online\/index.php\/wp-json\/wp\/v2\/pages\/8","targetHints":{"allow":["GET"]}}],"collection":[{"href":"https:\/\/turc.online\/index.php\/wp-json\/wp\/v2\/pages"}],"about":[{"href":"https:\/\/turc.online\/index.php\/wp-json\/wp\/v2\/types\/page"}],"author":[{"embeddable":true,"href":"https:\/\/turc.online\/index.php\/wp-json\/wp\/v2\/users\/1"}],"replies":[{"embeddable":true,"href":"https:\/\/turc.online\/index.php\/wp-json\/wp\/v2\/comments?post=8"}],"version-history":[{"count":7,"href":"https:\/\/turc.online\/index.php\/wp-json\/wp\/v2\/pages\/8\/revisions"}],"predecessor-version":[{"id":32,"href":"https:\/\/turc.online\/index.php\/wp-json\/wp\/v2\/pages\/8\/revisions\/32"}],"wp:attachment":[{"href":"https:\/\/turc.online\/index.php\/wp-json\/wp\/v2\/media?parent=8"}],"curies":[{"name":"wp","href":"https:\/\/api.w.org\/{rel}","templated":true}]}}